{"id":9536,"date":"2024-09-02T12:48:20","date_gmt":"2024-09-02T10:48:20","guid":{"rendered":"https:\/\/myperfectdog.lv\/?post_type=product&#038;p=9536"},"modified":"2025-10-03T20:11:55","modified_gmt":"2025-10-03T18:11:55","slug":"pamatkonceptu-apmacibas-kurss","status":"publish","type":"product","link":"https:\/\/myperfectdog.lv\/en\/product\/pamatkonceptu-apmacibas-kurss\/","title":{"rendered":"Pamatkonceptu apm\u0101c\u012bbas kurss iek\u0161telpas (grupu nodarb\u012bbas)"},"content":{"rendered":"<p><strong>Nodarb\u012bb\u0101s tiks apg\u016bts:<\/strong><\/p>\n<ul>\n<li>Pamatpaklaus\u012bbas komandas<\/li>\n<li>Pareiza sadarb\u012bba su\u0146a-saimnieka starp\u0101<\/li>\n<li>Koncepti ikdienai &#8211; m\u0101cot sunim mieru, fokus\u0113\u0161anos, impulsu kontroli, veicinot pa\u0161p\u0101rliecin\u0101t\u012bbu, optimismu<\/li>\n<li>Sunim dabiskas fizisk\u0101s un ment\u0101l\u0101s aktivit\u0101tes<\/li>\n<li>Pareiza komunik\u0101cija &amp; pozit\u012bva saskarsme ar citiem su\u0146iem<\/li>\n<li>Nodarb\u012bbas paredz\u0113tas kuc\u0113niem, k\u0101 ar\u012b jebkura vecuma su\u0146iem bez iepriek\u0161\u0113jas apm\u0101c\u012bbu pieredzes.<\/li>\n<\/ul>\n<p>Vienas nodarb\u012bbas ilgums: 50min-1h<br \/>\nGrupi\u0146a sast\u0101v no 7 su\u0146iem.<\/p>\n<p><strong>CENA: 210 eiro (18 eiro viena praktisk\u0101 nodarb\u012bba + 30 eiro lekciju materi\u0101li)<\/strong><\/p>\n<p>Pilns kurss: \u20ac 210<\/p>","protected":false},"excerpt":{"rendered":"<p>Pamata konceptu nodarb\u012bbu m\u0113r\u0137is ir pareizi socializ\u0113t kuc\u0113nu, iepaz\u012bstin\u0101t to ar apk\u0101rt\u0113jo pasauli, iem\u0101c\u012bt sunim pamatpaklaus\u012bbu, k\u0101 ar\u012b konceptus par pareizu uzved\u012bbu ikdien\u0101, savuk\u0101rt saimniekam izprast su\u0146a komunik\u0101ciju, \u0137erme\u0146a valodu, emocijas, to ietekmi uz uzved\u012bbu un to k\u0101 pareizi suns ir j\u0101m\u0101ca, lai rezult\u0101ts b\u016btu \u0101trs, ilgsto\u0161s un efekt\u012bgs.<\/p>\n<p>Pamata konceptu apm\u0101c\u012bbu kurss sast\u0101v no teor\u0113tisk\u0101m nodarb\u012bb\u0101m un 10 praktisk\u0101m nodarb\u012bb\u0101m.<\/p>\n<p>Pieteik\u0161an\u0101s notiek uz konkr\u0113tu grupu, iepriek\u0161 sazinoties ar su\u0146u &amp; saimnieku skolas &#8220;My Perfect Dog&#8221; vad\u012bt\u0101ju L\u012bgu (<a href=\"http:\/\/liga@myperfectdog.lv\/en\/\">liga@myperfectdog.lv<\/a>).<\/p>","protected":false},"featured_media":9573,"comment_status":"closed","ping_status":"closed","template":"","meta":[],"product_brand":[],"product_cat":[43],"product_tag":[],"class_list":{"0":"post-9536","1":"product","2":"type-product","3":"status-publish","4":"has-post-thumbnail","6":"product_cat-izglitojosi","8":"first","9":"instock","10":"taxable","11":"shipping-taxable","12":"purchasable","13":"product-type-variable"},"yoast_head":"<!-- This site is optimized with the Yoast SEO plugin v27.5 - https:\/\/yoast.com\/product\/yoast-seo-wordpress\/ -->\n<title>Pamatkonceptu apm\u0101c\u012bbas kurss iek\u0161telpas (grupu nodarb\u012bbas) | MyPerfectDog.lv<\/title>\n<meta name=\"robots\" content=\"index, follow, max-snippet:-1, max-image-preview:large, max-video-preview:-1\" \/>\n<link rel=\"canonical\" href=\"https:\/\/myperfectdog.lv\/en\/product\/pamatkonceptu-apmacibas-kurss\/\" \/>\n<meta property=\"og:locale\" content=\"en_GB\" \/>\n<meta property=\"og:type\" content=\"article\" \/>\n<meta property=\"og:title\" content=\"Pamatkonceptu apm\u0101c\u012bbas kurss iek\u0161telpas (grupu nodarb\u012bbas) | MyPerfectDog.lv\" \/>\n<meta property=\"og:description\" content=\"Pamata konceptu nodarb\u012bbu m\u0113r\u0137is ir pareizi socializ\u0113t kuc\u0113nu, iepaz\u012bstin\u0101t to ar apk\u0101rt\u0113jo pasauli, iem\u0101c\u012bt sunim pamatpaklaus\u012bbu, k\u0101 ar\u012b konceptus par pareizu uzved\u012bbu ikdien\u0101, savuk\u0101rt saimniekam izprast su\u0146a komunik\u0101ciju, \u0137erme\u0146a valodu, emocijas, to ietekmi uz uzved\u012bbu un to k\u0101 pareizi suns ir j\u0101m\u0101ca, lai rezult\u0101ts b\u016btu \u0101trs, ilgsto\u0161s un efekt\u012bgs.  Pamata konceptu apm\u0101c\u012bbu kurss sast\u0101v no teor\u0113tisk\u0101m nodarb\u012bb\u0101m un 10 praktisk\u0101m nodarb\u012bb\u0101m.  Pieteik\u0161an\u0101s notiek uz konkr\u0113tu grupu, iepriek\u0161 sazinoties ar su\u0146u &amp; saimnieku skolas &quot;My Perfect Dog&quot; vad\u012bt\u0101ju L\u012bgu (liga@myperfectdog.lv).\" \/>\n<meta property=\"og:url\" content=\"https:\/\/myperfectdog.lv\/en\/product\/pamatkonceptu-apmacibas-kurss\/\" \/>\n<meta property=\"og:site_name\" content=\"MyPerfectDog.lv\" \/>\n<meta property=\"article:modified_time\" content=\"2025-10-03T18:11:55+00:00\" \/>\n<meta property=\"og:image\" content=\"https:\/\/myperfectdog.lv\/wp-content\/uploads\/2024\/09\/MyPerfectDog-nodarbibas_20240910_092327_0002.jpg\" \/>\n\t<meta property=\"og:image:width\" content=\"1080\" \/>\n\t<meta property=\"og:image:height\" content=\"1080\" \/>\n\t<meta property=\"og:image:type\" content=\"image\/jpeg\" \/>\n<meta name=\"twitter:card\" content=\"summary_large_image\" \/>\n<meta name=\"twitter:label1\" content=\"Estimated reading time\" \/>\n\t<meta name=\"twitter:data1\" content=\"1 minute\" \/>\n<script type=\"application\/ld+json\" class=\"yoast-schema-graph\">{\"@context\":\"https:\\\/\\\/schema.org\",\"@graph\":[{\"@type\":\"WebPage\",\"@id\":\"https:\\\/\\\/myperfectdog.lv\\\/products\\\/pamatkonceptu-apmacibas-kurss\\\/\",\"url\":\"https:\\\/\\\/myperfectdog.lv\\\/products\\\/pamatkonceptu-apmacibas-kurss\\\/\",\"name\":\"Pamatkonceptu apm\u0101c\u012bbas kurss iek\u0161telpas (grupu nodarb\u012bbas) | MyPerfectDog.lv\",\"isPartOf\":{\"@id\":\"https:\\\/\\\/myperfectdog.lv\\\/#website\"},\"primaryImageOfPage\":{\"@id\":\"https:\\\/\\\/myperfectdog.lv\\\/products\\\/pamatkonceptu-apmacibas-kurss\\\/#primaryimage\"},\"image\":{\"@id\":\"https:\\\/\\\/myperfectdog.lv\\\/products\\\/pamatkonceptu-apmacibas-kurss\\\/#primaryimage\"},\"thumbnailUrl\":\"https:\\\/\\\/myperfectdog.lv\\\/wp-content\\\/uploads\\\/2024\\\/09\\\/MyPerfectDog-nodarbibas_20240910_092327_0002.jpg\",\"datePublished\":\"2024-09-02T10:48:20+00:00\",\"dateModified\":\"2025-10-03T18:11:55+00:00\",\"breadcrumb\":{\"@id\":\"https:\\\/\\\/myperfectdog.lv\\\/products\\\/pamatkonceptu-apmacibas-kurss\\\/#breadcrumb\"},\"inLanguage\":\"en-GB\",\"potentialAction\":[{\"@type\":\"ReadAction\",\"target\":[\"https:\\\/\\\/myperfectdog.lv\\\/products\\\/pamatkonceptu-apmacibas-kurss\\\/\"]}]},{\"@type\":\"ImageObject\",\"inLanguage\":\"en-GB\",\"@id\":\"https:\\\/\\\/myperfectdog.lv\\\/products\\\/pamatkonceptu-apmacibas-kurss\\\/#primaryimage\",\"url\":\"https:\\\/\\\/myperfectdog.lv\\\/wp-content\\\/uploads\\\/2024\\\/09\\\/MyPerfectDog-nodarbibas_20240910_092327_0002.jpg\",\"contentUrl\":\"https:\\\/\\\/myperfectdog.lv\\\/wp-content\\\/uploads\\\/2024\\\/09\\\/MyPerfectDog-nodarbibas_20240910_092327_0002.jpg\",\"width\":1080,\"height\":1080},{\"@type\":\"BreadcrumbList\",\"@id\":\"https:\\\/\\\/myperfectdog.lv\\\/products\\\/pamatkonceptu-apmacibas-kurss\\\/#breadcrumb\",\"itemListElement\":[{\"@type\":\"ListItem\",\"position\":1,\"name\":\"Home\",\"item\":\"https:\\\/\\\/myperfectdog.lv\\\/\"},{\"@type\":\"ListItem\",\"position\":2,\"name\":\"Internetveikals\",\"item\":\"https:\\\/\\\/myperfectdog.lv\\\/internetveikals\\\/\"},{\"@type\":\"ListItem\",\"position\":3,\"name\":\"Pamatkonceptu apm\u0101c\u012bbas kurss iek\u0161telpas (grupu nodarb\u012bbas)\"}]},{\"@type\":\"WebSite\",\"@id\":\"https:\\\/\\\/myperfectdog.lv\\\/#website\",\"url\":\"https:\\\/\\\/myperfectdog.lv\\\/\",\"name\":\"MyPerfectDog.lv\",\"description\":\"Su\u0146u un saimnieku skola\",\"publisher\":{\"@id\":\"https:\\\/\\\/myperfectdog.lv\\\/#organization\"},\"potentialAction\":[{\"@type\":\"SearchAction\",\"target\":{\"@type\":\"EntryPoint\",\"urlTemplate\":\"https:\\\/\\\/myperfectdog.lv\\\/?s={search_term_string}\"},\"query-input\":{\"@type\":\"PropertyValueSpecification\",\"valueRequired\":true,\"valueName\":\"search_term_string\"}}],\"inLanguage\":\"en-GB\"},{\"@type\":\"Organization\",\"@id\":\"https:\\\/\\\/myperfectdog.lv\\\/#organization\",\"name\":\"Su\u0146u & saimnieku skola \\\"My Perfect Dog\\\"\",\"url\":\"https:\\\/\\\/myperfectdog.lv\\\/\",\"logo\":{\"@type\":\"ImageObject\",\"inLanguage\":\"en-GB\",\"@id\":\"https:\\\/\\\/myperfectdog.lv\\\/#\\\/schema\\\/logo\\\/image\\\/\",\"url\":\"https:\\\/\\\/myperfectdog.lv\\\/wp-content\\\/uploads\\\/2020\\\/10\\\/MyPerfectDog-New-logo_peach_plakans.png\",\"contentUrl\":\"https:\\\/\\\/myperfectdog.lv\\\/wp-content\\\/uploads\\\/2020\\\/10\\\/MyPerfectDog-New-logo_peach_plakans.png\",\"width\":1200,\"height\":636,\"caption\":\"Su\u0146u & saimnieku skola \\\"My Perfect Dog\\\"\"},\"image\":{\"@id\":\"https:\\\/\\\/myperfectdog.lv\\\/#\\\/schema\\\/logo\\\/image\\\/\"}}]}<\/script>\n<!-- \/ Yoast SEO plugin. -->","yoast_head_json":{"title":"Pamatkonceptu apm\u0101c\u012bbas kurss iek\u0161telpas (grupu nodarb\u012bbas) | MyPerfectDog.lv","robots":{"index":"index","follow":"follow","max-snippet":"max-snippet:-1","max-image-preview":"max-image-preview:large","max-video-preview":"max-video-preview:-1"},"canonical":"https:\/\/myperfectdog.lv\/en\/product\/pamatkonceptu-apmacibas-kurss\/","og_locale":"en_GB","og_type":"article","og_title":"Pamatkonceptu apm\u0101c\u012bbas kurss iek\u0161telpas (grupu nodarb\u012bbas) | MyPerfectDog.lv","og_description":"Pamata konceptu nodarb\u012bbu m\u0113r\u0137is ir pareizi socializ\u0113t kuc\u0113nu, iepaz\u012bstin\u0101t to ar apk\u0101rt\u0113jo pasauli, iem\u0101c\u012bt sunim pamatpaklaus\u012bbu, k\u0101 ar\u012b konceptus par pareizu uzved\u012bbu ikdien\u0101, savuk\u0101rt saimniekam izprast su\u0146a komunik\u0101ciju, \u0137erme\u0146a valodu, emocijas, to ietekmi uz uzved\u012bbu un to k\u0101 pareizi suns ir j\u0101m\u0101ca, lai rezult\u0101ts b\u016btu \u0101trs, ilgsto\u0161s un efekt\u012bgs.  Pamata konceptu apm\u0101c\u012bbu kurss sast\u0101v no teor\u0113tisk\u0101m nodarb\u012bb\u0101m un 10 praktisk\u0101m nodarb\u012bb\u0101m.  Pieteik\u0161an\u0101s notiek uz konkr\u0113tu grupu, iepriek\u0161 sazinoties ar su\u0146u &amp; saimnieku skolas \"My Perfect Dog\" vad\u012bt\u0101ju L\u012bgu (liga@myperfectdog.lv).","og_url":"https:\/\/myperfectdog.lv\/en\/product\/pamatkonceptu-apmacibas-kurss\/","og_site_name":"MyPerfectDog.lv","article_modified_time":"2025-10-03T18:11:55+00:00","og_image":[{"width":1080,"height":1080,"url":"https:\/\/myperfectdog.lv\/wp-content\/uploads\/2024\/09\/MyPerfectDog-nodarbibas_20240910_092327_0002.jpg","type":"image\/jpeg"}],"twitter_card":"summary_large_image","twitter_misc":{"Estimated reading time":"1 minute"},"schema":{"@context":"https:\/\/schema.org","@graph":[{"@type":"WebPage","@id":"https:\/\/myperfectdog.lv\/products\/pamatkonceptu-apmacibas-kurss\/","url":"https:\/\/myperfectdog.lv\/products\/pamatkonceptu-apmacibas-kurss\/","name":"Pamatkonceptu apm\u0101c\u012bbas kurss iek\u0161telpas (grupu nodarb\u012bbas) | MyPerfectDog.lv","isPartOf":{"@id":"https:\/\/myperfectdog.lv\/#website"},"primaryImageOfPage":{"@id":"https:\/\/myperfectdog.lv\/products\/pamatkonceptu-apmacibas-kurss\/#primaryimage"},"image":{"@id":"https:\/\/myperfectdog.lv\/products\/pamatkonceptu-apmacibas-kurss\/#primaryimage"},"thumbnailUrl":"https:\/\/myperfectdog.lv\/wp-content\/uploads\/2024\/09\/MyPerfectDog-nodarbibas_20240910_092327_0002.jpg","datePublished":"2024-09-02T10:48:20+00:00","dateModified":"2025-10-03T18:11:55+00:00","breadcrumb":{"@id":"https:\/\/myperfectdog.lv\/products\/pamatkonceptu-apmacibas-kurss\/#breadcrumb"},"inLanguage":"en-GB","potentialAction":[{"@type":"ReadAction","target":["https:\/\/myperfectdog.lv\/products\/pamatkonceptu-apmacibas-kurss\/"]}]},{"@type":"ImageObject","inLanguage":"en-GB","@id":"https:\/\/myperfectdog.lv\/products\/pamatkonceptu-apmacibas-kurss\/#primaryimage","url":"https:\/\/myperfectdog.lv\/wp-content\/uploads\/2024\/09\/MyPerfectDog-nodarbibas_20240910_092327_0002.jpg","contentUrl":"https:\/\/myperfectdog.lv\/wp-content\/uploads\/2024\/09\/MyPerfectDog-nodarbibas_20240910_092327_0002.jpg","width":1080,"height":1080},{"@type":"BreadcrumbList","@id":"https:\/\/myperfectdog.lv\/products\/pamatkonceptu-apmacibas-kurss\/#breadcrumb","itemListElement":[{"@type":"ListItem","position":1,"name":"Home","item":"https:\/\/myperfectdog.lv\/"},{"@type":"ListItem","position":2,"name":"Internetveikals","item":"https:\/\/myperfectdog.lv\/internetveikals\/"},{"@type":"ListItem","position":3,"name":"Pamatkonceptu apm\u0101c\u012bbas kurss iek\u0161telpas (grupu nodarb\u012bbas)"}]},{"@type":"WebSite","@id":"https:\/\/myperfectdog.lv\/#website","url":"https:\/\/myperfectdog.lv\/","name":"MyPerfectDog.lv","description":"Su\u0146u un saimnieku skola","publisher":{"@id":"https:\/\/myperfectdog.lv\/#organization"},"potentialAction":[{"@type":"SearchAction","target":{"@type":"EntryPoint","urlTemplate":"https:\/\/myperfectdog.lv\/?s={search_term_string}"},"query-input":{"@type":"PropertyValueSpecification","valueRequired":true,"valueName":"search_term_string"}}],"inLanguage":"en-GB"},{"@type":"Organization","@id":"https:\/\/myperfectdog.lv\/#organization","name":"Su\u0146u & saimnieku skola \"My Perfect Dog\"","url":"https:\/\/myperfectdog.lv\/","logo":{"@type":"ImageObject","inLanguage":"en-GB","@id":"https:\/\/myperfectdog.lv\/#\/schema\/logo\/image\/","url":"https:\/\/myperfectdog.lv\/wp-content\/uploads\/2020\/10\/MyPerfectDog-New-logo_peach_plakans.png","contentUrl":"https:\/\/myperfectdog.lv\/wp-content\/uploads\/2020\/10\/MyPerfectDog-New-logo_peach_plakans.png","width":1200,"height":636,"caption":"Su\u0146u & saimnieku skola \"My Perfect Dog\""},"image":{"@id":"https:\/\/myperfectdog.lv\/#\/schema\/logo\/image\/"}}]}},"jetpack_sharing_enabled":true,"_links":{"self":[{"href":"https:\/\/myperfectdog.lv\/en\/wp-json\/wp\/v2\/product\/9536","targetHints":{"allow":["GET"]}}],"collection":[{"href":"https:\/\/myperfectdog.lv\/en\/wp-json\/wp\/v2\/product"}],"about":[{"href":"https:\/\/myperfectdog.lv\/en\/wp-json\/wp\/v2\/types\/product"}],"replies":[{"embeddable":true,"href":"https:\/\/myperfectdog.lv\/en\/wp-json\/wp\/v2\/comments?post=9536"}],"wp:featuredmedia":[{"embeddable":true,"href":"https:\/\/myperfectdog.lv\/en\/wp-json\/wp\/v2\/media\/9573"}],"wp:attachment":[{"href":"https:\/\/myperfectdog.lv\/en\/wp-json\/wp\/v2\/media?parent=9536"}],"wp:term":[{"taxonomy":"product_brand","embeddable":true,"href":"https:\/\/myperfectdog.lv\/en\/wp-json\/wp\/v2\/product_brand?post=9536"},{"taxonomy":"product_cat","embeddable":true,"href":"https:\/\/myperfectdog.lv\/en\/wp-json\/wp\/v2\/product_cat?post=9536"},{"taxonomy":"product_tag","embeddable":true,"href":"https:\/\/myperfectdog.lv\/en\/wp-json\/wp\/v2\/product_tag?post=9536"}],"curies":[{"name":"wp","href":"https:\/\/api.w.org\/{rel}","templated":true}]}}